{"id":27551,"date":"2024-11-11T13:05:31","date_gmt":"2024-11-11T13:05:31","guid":{"rendered":"https:\/\/twin40.eu\/?page_id=27551"},"modified":"2024-11-21T10:03:55","modified_gmt":"2024-11-21T10:03:55","slug":"podcasts","status":"publish","type":"page","link":"https:\/\/twin40.eu\/es\/podcasts\/","title":{"rendered":"Podcasts (en ingl\u00e9s)"},"content":{"rendered":"\t\t<div data-elementor-type=\"wp-page\" data-elementor-id=\"27551\" class=\"elementor elementor-27551 elementor-27458\">\n\t\t\t\t<div class=\"elementor-element elementor-element-10bcd50 e-flex e-con-boxed e-con e-parent\" data-id=\"10bcd50\" data-element_type=\"container\">\n\t\t\t\t\t<div class=\"e-con-inner\">\n\t\t\t\t<div class=\"elementor-element elementor-element-b0bc624 elementor-widget elementor-widget-html\" data-id=\"b0bc624\" data-element_type=\"widget\" data-widget_type=\"html.default\">\n\t\t\t\t<div class=\"elementor-widget-container\">\n\t\t\t\t\t<div style=\"text-align: center;\">\n    <!-- Main Title -->\n    <h1 style=\"font-size: 7vh;color: #2D7A33;\"><b>Podcasts<\/b><\/h1>\n<\/div>\t\t\t\t<\/div>\n\t\t\t\t<\/div>\n\t\t\t\t<div class=\"elementor-element elementor-element-4f8c275 elementor-widget-divider--view-line_icon elementor-view-framed elementor-widget-divider--element-align-center elementor-widget elementor-widget-divider\" data-id=\"4f8c275\" data-element_type=\"widget\" data-widget_type=\"divider.default\">\n\t\t\t\t<div class=\"elementor-widget-container\">\n\t\t\t\t\t\t\t<div class=\"elementor-divider\">\n\t\t\t<span class=\"elementor-divider-separator\">\n\t\t\t\t\t\t\t<div class=\"elementor-icon elementor-divider__element\">\n\t\t\t\t\t<i aria-hidden=\"true\" class=\"fas fa-microphone-alt\"><\/i><\/div>\n\t\t\t\t\t\t<\/span>\n\t\t<\/div>\n\t\t\t\t\t\t<\/div>\n\t\t\t\t<\/div>\n\t\t\t\t<div class=\"elementor-element elementor-element-9550ed8 elementor-widget elementor-widget-html\" data-id=\"9550ed8\" data-element_type=\"widget\" data-widget_type=\"html.default\">\n\t\t\t\t<div class=\"elementor-widget-container\">\n\t\t\t\t\t<div style=\"text-align: left;\">\r\n      <p style=\"font-size: 18px; margin: 10px auto; text-align: center;\">\r\n          Tune in to learn how SMEs are paving the way toward a greener future.\r\n      <\/p>\r\n      <p style=\"font-size: 18px; margin: 10px auto;\">\r\n          <em>Al presionar 'Play' en el video, los subt\u00edtulos en espa\u00f1ol se mostrar\u00e1n autom\u00e1ticamente.\r\n          <\/em>\r\n      <\/p>\r\n<\/div>\t\t\t\t<\/div>\n\t\t\t\t<\/div>\n\t\t\t\t\t<\/div>\n\t\t\t\t<\/div>\n\t\t<div class=\"elementor-element elementor-element-61a3d67 e-flex e-con-boxed e-con e-parent\" data-id=\"61a3d67\" data-element_type=\"container\">\n\t\t\t\t\t<div class=\"e-con-inner\">\n\t\t<div class=\"elementor-element elementor-element-ced369f e-con-full e-flex e-con e-child\" data-id=\"ced369f\" data-element_type=\"container\">\n\t\t\t\t<div class=\"elementor-element elementor-element-6b66c02 elementor-widget elementor-widget-html\" data-id=\"6b66c02\" data-element_type=\"widget\" data-widget_type=\"html.default\">\n\t\t\t\t<div class=\"elementor-widget-container\">\n\t\t\t\t\t<div style=\"text-align: center; padding: 20px;\">\r\n    <!-- YouTube Icon -->\r\n    <img decoding=\"async\" src=\"https:\/\/twin40.eu\/wp-content\/uploads\/2024\/11\/yt-green-svg.svg\" alt=\"YouTube Icon\" style=\"width: 50px; margin-bottom: 10px;\">\r\n    \r\n    <!-- Title -->\r\n    <h2 style=\"font-size: 24px; color: #333;\">Subscribe to the Twin 4.0 Podcast<\/h2>\r\n    \r\n    <!-- Subtitle -->\r\n    <p style=\"font-size: 16px; color: #666; max-width: 400px; margin: 10px auto;\">\r\n        Stay updated with our latest episodes on sustainability, digital transformation, and eco-friendly practices for manufacturing SMEs.\r\n    <\/p>\r\n    \r\n    <!-- Subscribe Button -->\r\n    <a href=\"https:\/\/www.youtube.com\/channel\/UCnqRN8VGmLhwBXR4BEzgxVw\" target=\"_blank\" style=\"display: inline-block; background-color: #2D7A33; color: #fff; padding: 10px 20px; font-size: 16px; border-radius: 5px; text-decoration: none; margin-top: 15px;\">\r\n        Subscribe on YouTube\r\n    <\/a>\r\n<\/div>\t\t\t\t<\/div>\n\t\t\t\t<\/div>\n\t\t\t\t<\/div>\n\t\t<div class=\"elementor-element elementor-element-9f89606 e-con-full e-flex e-con e-child\" data-id=\"9f89606\" data-element_type=\"container\">\n\t\t\t\t<div class=\"elementor-element elementor-element-1337cb0 elementor-widget__width-inherit elementor-widget elementor-widget-html\" data-id=\"1337cb0\" data-element_type=\"widget\" data-widget_type=\"html.default\">\n\t\t\t\t<div class=\"elementor-widget-container\">\n\t\t\t\t\t<!-- Embedded Episodes Section -->\r\n<div style=\"text-align: center;\">\r\n    <!-- Placeholder for Episode 1 Embed -->\r\n    <iframe width=\"560\" height=\"360\" src=\"https:\/\/www.youtube.com\/embed\/9PhDn3TGyHo?si=FYHHq5NmGS2N1NbR&amp;cc_lang_pref=es&amp;cc_load_policy=1&hl=es\" title=\"YouTube video player\" frameborder=\"0\" allow=\"accelerometer; autoplay; clipboard-write; encrypted-media; gyroscope; picture-in-picture; web-share\" referrerpolicy=\"strict-origin-when-cross-origin\" allowfullscreen><\/iframe>    \r\n<\/div>\t\t\t\t<\/div>\n\t\t\t\t<\/div>\n\t\t\t\t<\/div>\n\t\t<div class=\"elementor-element elementor-element-ad3671f e-con-full e-flex e-con e-child\" data-id=\"ad3671f\" data-element_type=\"container\">\n\t\t\t\t<div class=\"elementor-element elementor-element-0401cea elementor-widget elementor-widget-html\" data-id=\"0401cea\" data-element_type=\"widget\" data-widget_type=\"html.default\">\n\t\t\t\t<div class=\"elementor-widget-container\">\n\t\t\t\t\t<div style=\"text-align: center; padding: 20px;\">\r\n    <!-- Facebook Icon -->\r\n    <img decoding=\"async\" src=\"https:\/\/twin40.eu\/wp-content\/uploads\/2024\/11\/fb-green-svg.svg\" alt=\"Facebook Icon\" style=\"width: 50px; margin-bottom: 10px;\">\r\n    \r\n    <!-- Title -->\r\n    <h2 style=\"font-size: 24px; color: #333;\">Check out Twin 4.0 Facebook page<\/h2>\r\n    \r\n    <!-- Subtitle -->\r\n    <p style=\"font-size: 16px; color: #666; max-width: 400px; margin: 10px auto;\">\r\n        Join our community on Facebook to stay informed about sustainability initiatives, digital transformation, and resources for SMEs.\r\n    <\/p>\r\n    \r\n    <!-- Like Button -->\r\n    <a href=\"https:\/\/www.facebook.com\/twin40project\/\" target=\"_blank\" style=\"display: inline-block; background-color: #2D7A33; color: #fff; padding: 10px 20px; font-size: 16px; border-radius: 5px; text-decoration: none; margin-top: 15px;\">\r\n        Twin 4.0 on Facebook\r\n    <\/a>\r\n<\/div>\r\n\t\t\t\t<\/div>\n\t\t\t\t<\/div>\n\t\t\t\t<\/div>\n\t\t\t\t\t<\/div>\n\t\t\t\t<\/div>\n\t\t<div class=\"elementor-element elementor-element-741fe6ee e-flex e-con-boxed e-con e-parent\" data-id=\"741fe6ee\" data-element_type=\"container\">\n\t\t\t\t\t<div class=\"e-con-inner\">\n\t\t<div class=\"elementor-element elementor-element-da7fa9 e-con-full e-flex e-con e-child\" data-id=\"da7fa9\" data-element_type=\"container\">\n\t\t\t\t<div class=\"elementor-element elementor-element-137fc7bb elementor-widget__width-inherit elementor-widget elementor-widget-html\" data-id=\"137fc7bb\" data-element_type=\"widget\" data-widget_type=\"html.default\">\n\t\t\t\t<div class=\"elementor-widget-container\">\n\t\t\t\t\t<!-- Embedded Episodes Section -->\r\n<div style=\"text-align: center;\">\r\n    <!-- Placeholder for Episode 2 Embed -->\r\n    <iframe width=\"560\" height=\"360\" src=\"https:\/\/www.youtube.com\/embed\/7wgzlJGvN2Y?si=&amp;cc_lang_pref=es&amp;cc_load_policy=1&hl=es\" title=\"YouTube video player\" frameborder=\"0\" allow=\"accelerometer; autoplay; clipboard-write; encrypted-media; gyroscope; picture-in-picture; web-share\" referrerpolicy=\"strict-origin-when-cross-origin\" allowfullscreen><\/iframe>    \r\n<\/div>\t\t\t\t<\/div>\n\t\t\t\t<\/div>\n\t\t\t\t<\/div>\n\t\t<div class=\"elementor-element elementor-element-e295827 e-con-full e-flex e-con e-child\" data-id=\"e295827\" data-element_type=\"container\">\n\t\t\t\t<div class=\"elementor-element elementor-element-12f1173 elementor-widget__width-inherit elementor-widget elementor-widget-html\" data-id=\"12f1173\" data-element_type=\"widget\" data-widget_type=\"html.default\">\n\t\t\t\t<div class=\"elementor-widget-container\">\n\t\t\t\t\t<!-- Embedded Episodes Section -->\r\n<div style=\"text-align: center;\">\r\n    <!-- Placeholder for Episode 3 Embed -->\r\n    <iframe width=\"560\" height=\"360\" src=\"https:\/\/www.youtube.com\/embed\/L4lY2jX1smM?si=1aUzXs38HCCTkIpX=&amp;cc_lang_pref=es&amp;cc_load_policy=1&hl=es\" title=\"YouTube video player\" frameborder=\"0\" allow=\"accelerometer; autoplay; clipboard-write; encrypted-media; gyroscope; picture-in-picture; web-share\" referrerpolicy=\"strict-origin-when-cross-origin\" allowfullscreen><\/iframe>    \r\n<\/div>\t\t\t\t<\/div>\n\t\t\t\t<\/div>\n\t\t\t\t<\/div>\n\t\t\t\t\t<\/div>\n\t\t\t\t<\/div>\n\t\t<div class=\"elementor-element elementor-element-ccf0949 e-flex e-con-boxed e-con e-parent\" data-id=\"ccf0949\" data-element_type=\"container\">\n\t\t\t\t\t<div class=\"e-con-inner\">\n\t\t\t\t<div class=\"elementor-element elementor-element-f063501 elementor-widget elementor-widget-html\" data-id=\"f063501\" data-element_type=\"widget\" data-widget_type=\"html.default\">\n\t\t\t\t<div class=\"elementor-widget-container\">\n\t\t\t\t\t<div style=\"text-align: left\">\r\n  <!-- Subtitle -->\r\n  <p style=\"font-size: 15px\">\r\n    <em> Learn more about the<\/em>\r\n    <a href=\"https:\/\/twin40.eu\/partners\/\"> Twin 4.0 Project Partners<\/a>\r\n  <\/p>\r\n<\/div>\t\t\t\t<\/div>\n\t\t\t\t<\/div>\n\t\t\t\t<div class=\"elementor-element elementor-element-d68d5fc elementor-widget-divider--view-line_icon elementor-view-framed elementor-widget-divider--element-align-center elementor-widget elementor-widget-divider\" data-id=\"d68d5fc\" data-element_type=\"widget\" data-widget_type=\"divider.default\">\n\t\t\t\t<div class=\"elementor-widget-container\">\n\t\t\t\t\t\t\t<div class=\"elementor-divider\">\n\t\t\t<span class=\"elementor-divider-separator\">\n\t\t\t\t\t\t\t<div class=\"elementor-icon elementor-divider__element\">\n\t\t\t\t\t<i aria-hidden=\"true\" class=\"fas fa-microphone-alt\"><\/i><\/div>\n\t\t\t\t\t\t<\/span>\n\t\t<\/div>\n\t\t\t\t\t\t<\/div>\n\t\t\t\t<\/div>\n\t\t\t\t\t<\/div>\n\t\t\t\t<\/div>\n\t\t\t\t<\/div>\n\t\t","protected":false},"excerpt":{"rendered":"<p>Podcasts Tune in to learn how SMEs are paving the way toward a greener future. Al presionar &#8216;Play&#8217; en el video, los subt\u00edtulos en espa\u00f1ol se mostrar\u00e1n autom\u00e1ticamente. Subscribe to the Twin 4.0 Podcast Stay updated with our latest episodes on sustainability, digital transformation, and eco-friendly practices for manufacturing SMEs. Subscribe on YouTube Check out<\/p>\n","protected":false},"author":1,"featured_media":0,"parent":0,"menu_order":0,"comment_status":"closed","ping_status":"closed","template":"","meta":{"footnotes":""},"class_list":["post-27551","page","type-page","status-publish","hentry"],"_links":{"self":[{"href":"https:\/\/twin40.eu\/es\/wp-json\/wp\/v2\/pages\/27551","targetHints":{"allow":["GET"]}}],"collection":[{"href":"https:\/\/twin40.eu\/es\/wp-json\/wp\/v2\/pages"}],"about":[{"href":"https:\/\/twin40.eu\/es\/wp-json\/wp\/v2\/types\/page"}],"author":[{"embeddable":true,"href":"https:\/\/twin40.eu\/es\/wp-json\/wp\/v2\/users\/1"}],"replies":[{"embeddable":true,"href":"https:\/\/twin40.eu\/es\/wp-json\/wp\/v2\/comments?post=27551"}],"version-history":[{"count":0,"href":"https:\/\/twin40.eu\/es\/wp-json\/wp\/v2\/pages\/27551\/revisions"}],"wp:attachment":[{"href":"https:\/\/twin40.eu\/es\/wp-json\/wp\/v2\/media?parent=27551"}],"curies":[{"name":"wp","href":"https:\/\/api.w.org\/{rel}","templated":true}]}}